{"id":22,"date":"2016-10-20T14:20:33","date_gmt":"2016-10-20T14:20:33","guid":{"rendered":"http:\/\/info.stadtplan.de\/?page_id=22"},"modified":"2018-05-24T12:59:38","modified_gmt":"2018-05-24T12:59:38","slug":"datenschutz","status":"publish","type":"page","link":"https:\/\/info.stadtplan.de\/?page_id=22","title":{"rendered":"Datenschutz"},"content":{"rendered":"<h1>Datenschutzerkl\u00e4rung<\/h1>\n<p>stadtplan.de\/ stadtplan.at<\/p>\n<p>Werbeb\u00fcro Wolfgang Thaler, \u2028Plattlinger Str. 21a, \u2028D-94486 Osterhofen<br \/>\nSupporthotline:\u2028+49 (0) 9932 9505-0<br \/>\nFax: \u2028+49 (0) 99 32 95 05 50<br \/>\nMail: \u2028info@stadtplan.de<\/p>\n<p><strong>Haftung f\u00fcr Inhalte<\/strong><\/p>\n<p>Die Erstellung der Inhalte dieser Webseite erfolgte mit gr\u00f6\u00dftm\u00f6glicher Sorgfalt. Allerdings k\u00f6nnen wir keine Gew\u00e4hr f\u00fcr die Vollst\u00e4ndigkeit der bereitgestellten Inhalte, ihre Aktualit\u00e4t sowie Richtigkeit \u00fcbernehmen. Gem. \u00a7\u00a7 8 \u2013 10 TMG trifft uns als Dienstanbieter keine Pflicht, fremde Informationen, die \u00fcbermittelt oder gespeichert wurden, zu \u00fcberwachen oder nach Anhaltspunkten und Umst\u00e4nden zu forschen, die die Rechtswidrigkeit von T\u00e4tigkeiten und Informationen indizieren.<br \/>\nEine Verpflichtung unsererseits zur Nutzungssperrung von Inhalten im Rahmen der allgemeinen Gesetze bleibt hiervon stets unber\u00fchrt. Diese Haftung kommt jedoch erst im Moment der Kenntnisnahme einer konkreten Verletzung von Rechten in Frage. Sollten uns Rechtsverletzungen bekannt werden, so sind die entsprechenden Inhalte von uns unverz\u00fcglich zu entfernen.<br \/>\nUnsere Haftung f\u00fcr eigene Inhalte richtet sich, als Dienstanbieter, nach den allgemeinen Gesetzen.<\/p>\n<p><strong>\u2028Haftung f<\/strong><strong>\u00fcr Links<\/strong><\/p>\n<p>Diese Webseite beinhaltet Verlinkungen zu Webseiten Dritter \u2013 sog. externe Links. Die Inhalte dieser externen Links entziehen sich unserer Einflussnahme, sodass eine Gew\u00e4hr f\u00fcr solche Inhalte unsererseits nicht \u00fcbernommen wird.<br \/>\nDie Verantwortung liegt stets beim jeweiligen Betreiber der externen Seiten. Zum Zeitpunkt der Verkn\u00fcpfung der externen Links waren keine Rechtsverst\u00f6\u00dfe ersichtlich. Die permanente \u00dcberwachung fremder Inhalte auf Rechtsverst\u00f6\u00dfe ohne konkrete Hinweise ist uns nicht zumutbar.<br \/>\nSollten wir Kenntnis von Rechtsverletzungen erlangen, werden wir die entsprechenden externen Links unverz\u00fcglich entfernen.<\/p>\n<p><strong>Urheberrecht\/Leistungsschutzrecht<\/strong><\/p>\n<p>Auf die vom Anbieter auf dieser Seite ver\u00f6ffentlichten Inhalte findet das deutsche Urheber und Leistungsschutzrecht Anwendung. Sofern die Vervielf\u00e4ltigung, Bearbeitung, Verbreitung oder jegliche andere Art der Verwertung au\u00dferhalb des deutschen Urheber- und Leistungsschutzrechts liegt, bedarf es einer schriftlichen Zustimmung des jeweiligen Erstellers. Unerlaubtes Kopieren oder Downloaden dieser Seiten ist ausschlie\u00dflich f\u00fcr den privaten Bereich, nicht jedoch f\u00fcr den kommerziellen, erlaubt. Sofern nicht wir als Betreiber auch als Ersteller der Inhalte fungieren, werden die Urheberrechte von Dritten beachtet. Wir sind stets bem\u00fcht solche Inhalte als Inhalte Dritter zu kennzeichnen. Wir bitten Sie f\u00fcr den Fall, dass Ihnen trotz sorgf\u00e4ltiger Arbeit unsererseits, eine Urheberrechtsverletzung auff\u00e4llt, uns entsprechend darauf hinzuweisen, sodass die Entfernung dieser Inhalte umgehend veranla\u00dft werden kann.<\/p>\n<p><strong>Datenschutz<\/strong><strong>\u2028<\/strong><\/p>\n<p><strong><br \/>\n<\/strong><span style=\"font-family: Consolas;\"><h1>Datenschutzerkl\u00e4rung<\/h1>\n<p><p>In dieser Datenschutzerkl\u00e4rung informieren wir Sie \u00fcber die Verarbeitung Ihrer personenbezogenen Daten.<\/p>\n<p> Sofern Sie Ihre Datenschutzeinstellungen \u00e4ndern m\u00f6chten (Einwilligungen erteilen oder bereits erteilte Einwilligungen widerrufen), klicken Sie <a target=\"_blank\" href=\"#\" class=\"sp-dsgvo-show-privacy-popup\">hier<\/a> um Ihre Einstellungen zu \u00e4ndern.<\/p>\n<h2>Verantwortlich<\/h2>\n<p>, , Plattlinger Stra\u00dfe 21a,  , Deutschland, <a href=\"mailto:info@stadtplan.de\">info@stadtplan.de<\/a>, +49993295050<\/p>\n<h2>Widerspruchsrecht<\/h2>\n<p><p>Sofern die Verarbeitung Ihrer personenbezogenen Daten auf Grundlage des berechtigten Interesses erfolgt, haben Sie das Recht gegen diese Verarbeitung zu widersprechen.<\/p>\n<p>Sofern keine zwingenden schutzw\u00fcrdigen Gr\u00fcnde f\u00fcr die Verarbeitung unsererseits vorliegen, wird die Verarbeitung Ihrer Daten auf Basis dieser Rechtsgrundlage eingestellt.<\/p>\n<p>Zudem haben Sie das Recht, der Verarbeitung Ihrer personenbezogenen Daten zum Zweck der Direktwerbung zu widersprechen. Im Fall des Widerspruchs werden Ihre personenbezogenen Daten nicht mehr zum Zweck der Direktwerbung verarbeitet.<\/p>\n<p>Die Rechtm\u00e4\u00dfigkeit der bis zum Widerspruch verarbeiteten Daten wird durch den Widerspruch nicht ber\u00fchrt.<\/p>\n<\/p>\n<h2>Widerrufsrecht<\/h2>\n<p><p>Sie haben das Recht eine bereits erteilte Einwilligung jederzeit zu widerrufen, indem Sie die <a target=\"_blank\" class=\"lwb-ppsp\" href=\"#\" title=\"Datenschutzeinstellungen\">Datenschutzeinstellungen<\/a> \u00e4ndern.<\/p>\n<p>Im Fall der Einwilligung in den Erhalt elektronischer Werbung kann der Widerruf Ihrer Einwilligung durch Klick auf den Abmeldelink erfolgen. In diesem Fall wird eine Verarbeitung, sofern keine andere Rechtsgrundlage besteht, eingestellt.<\/p>\n<p>Die Rechtm\u00e4\u00dfigkeit der bis zum Widerruf verarbeiteten Daten wird durch den Widerruf nicht ber\u00fchrt.<\/p>\n<\/p>\n<h2>Betroffenenrechte<\/h2>\n<p><p>Sie haben zudem das Recht auf Auskunft, Berichtigung, L\u00f6schung und Einschr\u00e4nkung der Verarbeitung der personenbezogenen Daten.<\/p>\n<p>Soweit die Rechtsgrundlage der Verarbeitung Ihrer personenbezogenen Daten in Ihrer Einwilligung oder in einem mit Ihnen abgeschlossenen Vertrag besteht, haben Sie \u00fcberdies das Recht auf Daten\u00fcbertragbarkeit. <\/p>\n<p>Weiters haben Sie das Recht auf Beschwerde bei der Aufsichtsbeh\u00f6rde. N\u00e4here Informationen zu den Aufsichtsbeh\u00f6rden in der Europ\u00e4ischen Union finden Sie <a target=\"_blank\" href=\"https:\/\/ec.europa.eu\/justice\/article-29\/structure\/data-protection-authorities\/index_en.htm\" title=\"Datenschutzbeh\u00f6rden\">hier<\/a>.<\/p><\/p>\n<\/span><strong><br \/>\n<\/strong><\/p>\n<p>&nbsp;<\/p>\n<p>&nbsp;<\/p>\n","protected":false},"excerpt":{"rendered":"<p>Datenschutzerkl\u00e4rung stadtplan.de\/ stadtplan.at Werbeb\u00fcro Wolfgang Thaler, \u2028Plattlinger Str. 21a, \u2028D-94486 Osterhofen Supporthotline:\u2028+49 (0) 9932 9505-0 Fax: \u2028+49 (0) 99 32 95 05 50 Mail: \u2028info@stadtplan.de Haftung f\u00fcr Inhalte Die Erstellung der Inhalte dieser Webseite erfolgte mit gr\u00f6\u00dftm\u00f6glicher Sorgfalt. Allerdings k\u00f6nnen <a class=\"more-link\" href=\"https:\/\/info.stadtplan.de\/?page_id=22\">weiterlesen&#8230;<\/a><\/p>\n","protected":false},"author":1,"featured_media":0,"parent":0,"menu_order":0,"comment_status":"closed","ping_status":"closed","template":"","meta":{"footnotes":""},"yoast_head":"<!-- This site is optimized with the Yoast SEO plugin v20.1 - https:\/\/yoast.com\/wordpress\/plugins\/seo\/ -->\n<title>Datenschutz - KIS Stadtplan.de<\/title>\n<meta name=\"robots\" content=\"index, follow, max-snippet:-1, max-image-preview:large, max-video-preview:-1\" \/>\n<link rel=\"canonical\" href=\"https:\/\/info.stadtplan.de\/?page_id=22\" \/>\n<meta property=\"og:locale\" content=\"de_DE\" \/>\n<meta property=\"og:type\" content=\"article\" \/>\n<meta property=\"og:title\" content=\"Datenschutz - KIS Stadtplan.de\" \/>\n<meta property=\"og:description\" content=\"Datenschutzerkl\u00e4rung stadtplan.de\/ stadtplan.at Werbeb\u00fcro Wolfgang Thaler, \u2028Plattlinger Str. 21a, \u2028D-94486 Osterhofen Supporthotline:\u2028+49 (0) 9932 9505-0 Fax: \u2028+49 (0) 99 32 95 05 50 Mail: \u2028info@stadtplan.de Haftung f\u00fcr Inhalte Die Erstellung der Inhalte dieser Webseite erfolgte mit gr\u00f6\u00dftm\u00f6glicher Sorgfalt. Allerdings k\u00f6nnen weiterlesen...\" \/>\n<meta property=\"og:url\" content=\"https:\/\/info.stadtplan.de\/?page_id=22\" \/>\n<meta property=\"og:site_name\" content=\"KIS Stadtplan.de\" \/>\n<meta property=\"article:modified_time\" content=\"2018-05-24T12:59:38+00:00\" \/>\n<meta name=\"twitter:card\" content=\"summary_large_image\" \/>\n<meta name=\"twitter:label1\" content=\"Gesch\u00e4tzte Lesezeit\" \/>\n\t<meta name=\"twitter:data1\" content=\"2\u00a0Minuten\" \/>\n<script type=\"application\/ld+json\" class=\"yoast-schema-graph\">{\"@context\":\"https:\/\/schema.org\",\"@graph\":[{\"@type\":\"WebPage\",\"@id\":\"https:\/\/info.stadtplan.de\/?page_id=22\",\"url\":\"https:\/\/info.stadtplan.de\/?page_id=22\",\"name\":\"Datenschutz - KIS Stadtplan.de\",\"isPartOf\":{\"@id\":\"https:\/\/info.stadtplan.de\/#website\"},\"datePublished\":\"2016-10-20T14:20:33+00:00\",\"dateModified\":\"2018-05-24T12:59:38+00:00\",\"breadcrumb\":{\"@id\":\"https:\/\/info.stadtplan.de\/?page_id=22#breadcrumb\"},\"inLanguage\":\"de\",\"potentialAction\":[{\"@type\":\"ReadAction\",\"target\":[\"https:\/\/info.stadtplan.de\/?page_id=22\"]}]},{\"@type\":\"BreadcrumbList\",\"@id\":\"https:\/\/info.stadtplan.de\/?page_id=22#breadcrumb\",\"itemListElement\":[{\"@type\":\"ListItem\",\"position\":1,\"name\":\"Startseite\",\"item\":\"https:\/\/info.stadtplan.de\/\"},{\"@type\":\"ListItem\",\"position\":2,\"name\":\"Datenschutz\"}]},{\"@type\":\"WebSite\",\"@id\":\"https:\/\/info.stadtplan.de\/#website\",\"url\":\"https:\/\/info.stadtplan.de\/\",\"name\":\"KIS Stadtplan.de\",\"description\":\"Kommunale Informationssysteme\",\"potentialAction\":[{\"@type\":\"SearchAction\",\"target\":{\"@type\":\"EntryPoint\",\"urlTemplate\":\"https:\/\/info.stadtplan.de\/?s={search_term_string}\"},\"query-input\":\"required name=search_term_string\"}],\"inLanguage\":\"de\"}]}<\/script>\n<!-- \/ Yoast SEO plugin. -->","yoast_head_json":{"title":"Datenschutz - KIS Stadtplan.de","robots":{"index":"index","follow":"follow","max-snippet":"max-snippet:-1","max-image-preview":"max-image-preview:large","max-video-preview":"max-video-preview:-1"},"canonical":"https:\/\/info.stadtplan.de\/?page_id=22","og_locale":"de_DE","og_type":"article","og_title":"Datenschutz - KIS Stadtplan.de","og_description":"Datenschutzerkl\u00e4rung stadtplan.de\/ stadtplan.at Werbeb\u00fcro Wolfgang Thaler, \u2028Plattlinger Str. 21a, \u2028D-94486 Osterhofen Supporthotline:\u2028+49 (0) 9932 9505-0 Fax: \u2028+49 (0) 99 32 95 05 50 Mail: \u2028info@stadtplan.de Haftung f\u00fcr Inhalte Die Erstellung der Inhalte dieser Webseite erfolgte mit gr\u00f6\u00dftm\u00f6glicher Sorgfalt. Allerdings k\u00f6nnen weiterlesen...","og_url":"https:\/\/info.stadtplan.de\/?page_id=22","og_site_name":"KIS Stadtplan.de","article_modified_time":"2018-05-24T12:59:38+00:00","twitter_card":"summary_large_image","twitter_misc":{"Gesch\u00e4tzte Lesezeit":"2\u00a0Minuten"},"schema":{"@context":"https:\/\/schema.org","@graph":[{"@type":"WebPage","@id":"https:\/\/info.stadtplan.de\/?page_id=22","url":"https:\/\/info.stadtplan.de\/?page_id=22","name":"Datenschutz - KIS Stadtplan.de","isPartOf":{"@id":"https:\/\/info.stadtplan.de\/#website"},"datePublished":"2016-10-20T14:20:33+00:00","dateModified":"2018-05-24T12:59:38+00:00","breadcrumb":{"@id":"https:\/\/info.stadtplan.de\/?page_id=22#breadcrumb"},"inLanguage":"de","potentialAction":[{"@type":"ReadAction","target":["https:\/\/info.stadtplan.de\/?page_id=22"]}]},{"@type":"BreadcrumbList","@id":"https:\/\/info.stadtplan.de\/?page_id=22#breadcrumb","itemListElement":[{"@type":"ListItem","position":1,"name":"Startseite","item":"https:\/\/info.stadtplan.de\/"},{"@type":"ListItem","position":2,"name":"Datenschutz"}]},{"@type":"WebSite","@id":"https:\/\/info.stadtplan.de\/#website","url":"https:\/\/info.stadtplan.de\/","name":"KIS Stadtplan.de","description":"Kommunale Informationssysteme","potentialAction":[{"@type":"SearchAction","target":{"@type":"EntryPoint","urlTemplate":"https:\/\/info.stadtplan.de\/?s={search_term_string}"},"query-input":"required name=search_term_string"}],"inLanguage":"de"}]}},"_links":{"self":[{"href":"https:\/\/info.stadtplan.de\/index.php?rest_route=\/wp\/v2\/pages\/22"}],"collection":[{"href":"https:\/\/info.stadtplan.de\/index.php?rest_route=\/wp\/v2\/pages"}],"about":[{"href":"https:\/\/info.stadtplan.de\/index.php?rest_route=\/wp\/v2\/types\/page"}],"author":[{"embeddable":true,"href":"https:\/\/info.stadtplan.de\/index.php?rest_route=\/wp\/v2\/users\/1"}],"replies":[{"embeddable":true,"href":"https:\/\/info.stadtplan.de\/index.php?rest_route=%2Fwp%2Fv2%2Fcomments&post=22"}],"version-history":[{"count":4,"href":"https:\/\/info.stadtplan.de\/index.php?rest_route=\/wp\/v2\/pages\/22\/revisions"}],"predecessor-version":[{"id":90,"href":"https:\/\/info.stadtplan.de\/index.php?rest_route=\/wp\/v2\/pages\/22\/revisions\/90"}],"wp:attachment":[{"href":"https:\/\/info.stadtplan.de\/index.php?rest_route=%2Fwp%2Fv2%2Fmedia&parent=22"}],"curies":[{"name":"wp","href":"https:\/\/api.w.org\/{rel}","templated":true}]}}