{"id":20,"date":"2016-10-20T14:20:54","date_gmt":"2016-10-20T14:20:54","guid":{"rendered":"http:\/\/info.stadtplan.de\/?page_id=20"},"modified":"2018-09-27T11:23:01","modified_gmt":"2018-09-27T11:23:01","slug":"impressum","status":"publish","type":"page","link":"https:\/\/info.stadtplan.de\/?page_id=20","title":{"rendered":"Impressum"},"content":{"rendered":"<p>Interaktive B\u00fcrger- und G\u00e4ste-Infosysteme<\/p>\n<p>stadtplan.de &#8211; stadtplan.at<\/p>\n<p>Werbeb\u00fcro Wolfgang Thaler<br \/>\nPlattlinger Str. 21a<br \/>\nD-94486 Osterhofen<br \/>\nTelefon 09932 950522<\/p>\n<p>Inhalte:<br \/>\nWerbeb\u00fcro Wolfgang Thaler<\/p>\n<p>Handelsregister:<br \/>\nAmtsgericht Deggendorf<br \/>\nAbteilung A Nr. 986<\/p>\n<p>Steuernummer:<br \/>\n108\/280\/30286<\/p>\n<p>USt. ID.:<br \/>\nDE 127733913<\/p>\n<p>Design und Programmierung:<br \/>\nC. A. Bruckmeier &#8211; www.cab.eu<\/p>\n<p>Inhaltlich verantwortlich: Wolfgang Thaler<\/p>\n<p>Plattform der Europ\u00e4ischen Kommission zur Online-Streitbeilegung (OS) f\u00fcr Verbraucher: https:\/\/ec.europa.eu\/consumers\/odr\/. Wir sind nicht bereit und nicht verpflichtet an einem Streitbeilegungsverfahren vor einer Verbraucherschlichtungsstelle teilzunehmen.<\/p>\n","protected":false},"excerpt":{"rendered":"<p>Interaktive B\u00fcrger- und G\u00e4ste-Infosysteme stadtplan.de &#8211; stadtplan.at Werbeb\u00fcro Wolfgang Thaler Plattlinger Str. 21a D-94486 Osterhofen Telefon 09932 950522 Inhalte: Werbeb\u00fcro Wolfgang Thaler Handelsregister: Amtsgericht Deggendorf Abteilung A Nr. 986 Steuernummer: 108\/280\/30286 USt. ID.: DE 127733913 Design und Programmierung: C. A. <a class=\"more-link\" href=\"https:\/\/info.stadtplan.de\/?page_id=20\">weiterlesen&#8230;<\/a><\/p>\n","protected":false},"author":1,"featured_media":0,"parent":0,"menu_order":0,"comment_status":"closed","ping_status":"closed","template":"","meta":{"footnotes":""},"yoast_head":"<!-- This site is optimized with the Yoast SEO plugin v20.1 - https:\/\/yoast.com\/wordpress\/plugins\/seo\/ -->\n<title>Impressum - KIS Stadtplan.de<\/title>\n<meta name=\"robots\" content=\"index, follow, max-snippet:-1, max-image-preview:large, max-video-preview:-1\" \/>\n<link rel=\"canonical\" href=\"https:\/\/info.stadtplan.de\/?page_id=20\" \/>\n<meta property=\"og:locale\" content=\"de_DE\" \/>\n<meta property=\"og:type\" content=\"article\" \/>\n<meta property=\"og:title\" content=\"Impressum - KIS Stadtplan.de\" \/>\n<meta property=\"og:description\" content=\"Interaktive B\u00fcrger- und G\u00e4ste-Infosysteme stadtplan.de &#8211; stadtplan.at Werbeb\u00fcro Wolfgang Thaler Plattlinger Str. 21a D-94486 Osterhofen Telefon 09932 950522 Inhalte: Werbeb\u00fcro Wolfgang Thaler Handelsregister: Amtsgericht Deggendorf Abteilung A Nr. 986 Steuernummer: 108\/280\/30286 USt. ID.: DE 127733913 Design und Programmierung: C. A. weiterlesen...\" \/>\n<meta property=\"og:url\" content=\"https:\/\/info.stadtplan.de\/?page_id=20\" \/>\n<meta property=\"og:site_name\" content=\"KIS Stadtplan.de\" \/>\n<meta property=\"article:modified_time\" content=\"2018-09-27T11:23:01+00:00\" \/>\n<meta name=\"twitter:card\" content=\"summary_large_image\" \/>\n<script type=\"application\/ld+json\" class=\"yoast-schema-graph\">{\"@context\":\"https:\/\/schema.org\",\"@graph\":[{\"@type\":\"WebPage\",\"@id\":\"https:\/\/info.stadtplan.de\/?page_id=20\",\"url\":\"https:\/\/info.stadtplan.de\/?page_id=20\",\"name\":\"Impressum - KIS Stadtplan.de\",\"isPartOf\":{\"@id\":\"https:\/\/info.stadtplan.de\/#website\"},\"datePublished\":\"2016-10-20T14:20:54+00:00\",\"dateModified\":\"2018-09-27T11:23:01+00:00\",\"breadcrumb\":{\"@id\":\"https:\/\/info.stadtplan.de\/?page_id=20#breadcrumb\"},\"inLanguage\":\"de\",\"potentialAction\":[{\"@type\":\"ReadAction\",\"target\":[\"https:\/\/info.stadtplan.de\/?page_id=20\"]}]},{\"@type\":\"BreadcrumbList\",\"@id\":\"https:\/\/info.stadtplan.de\/?page_id=20#breadcrumb\",\"itemListElement\":[{\"@type\":\"ListItem\",\"position\":1,\"name\":\"Startseite\",\"item\":\"https:\/\/info.stadtplan.de\/\"},{\"@type\":\"ListItem\",\"position\":2,\"name\":\"Impressum\"}]},{\"@type\":\"WebSite\",\"@id\":\"https:\/\/info.stadtplan.de\/#website\",\"url\":\"https:\/\/info.stadtplan.de\/\",\"name\":\"KIS Stadtplan.de\",\"description\":\"Kommunale Informationssysteme\",\"potentialAction\":[{\"@type\":\"SearchAction\",\"target\":{\"@type\":\"EntryPoint\",\"urlTemplate\":\"https:\/\/info.stadtplan.de\/?s={search_term_string}\"},\"query-input\":\"required name=search_term_string\"}],\"inLanguage\":\"de\"}]}<\/script>\n<!-- \/ Yoast SEO plugin. -->","yoast_head_json":{"title":"Impressum - KIS Stadtplan.de","robots":{"index":"index","follow":"follow","max-snippet":"max-snippet:-1","max-image-preview":"max-image-preview:large","max-video-preview":"max-video-preview:-1"},"canonical":"https:\/\/info.stadtplan.de\/?page_id=20","og_locale":"de_DE","og_type":"article","og_title":"Impressum - KIS Stadtplan.de","og_description":"Interaktive B\u00fcrger- und G\u00e4ste-Infosysteme stadtplan.de &#8211; stadtplan.at Werbeb\u00fcro Wolfgang Thaler Plattlinger Str. 21a D-94486 Osterhofen Telefon 09932 950522 Inhalte: Werbeb\u00fcro Wolfgang Thaler Handelsregister: Amtsgericht Deggendorf Abteilung A Nr. 986 Steuernummer: 108\/280\/30286 USt. ID.: DE 127733913 Design und Programmierung: C. A. weiterlesen...","og_url":"https:\/\/info.stadtplan.de\/?page_id=20","og_site_name":"KIS Stadtplan.de","article_modified_time":"2018-09-27T11:23:01+00:00","twitter_card":"summary_large_image","schema":{"@context":"https:\/\/schema.org","@graph":[{"@type":"WebPage","@id":"https:\/\/info.stadtplan.de\/?page_id=20","url":"https:\/\/info.stadtplan.de\/?page_id=20","name":"Impressum - KIS Stadtplan.de","isPartOf":{"@id":"https:\/\/info.stadtplan.de\/#website"},"datePublished":"2016-10-20T14:20:54+00:00","dateModified":"2018-09-27T11:23:01+00:00","breadcrumb":{"@id":"https:\/\/info.stadtplan.de\/?page_id=20#breadcrumb"},"inLanguage":"de","potentialAction":[{"@type":"ReadAction","target":["https:\/\/info.stadtplan.de\/?page_id=20"]}]},{"@type":"BreadcrumbList","@id":"https:\/\/info.stadtplan.de\/?page_id=20#breadcrumb","itemListElement":[{"@type":"ListItem","position":1,"name":"Startseite","item":"https:\/\/info.stadtplan.de\/"},{"@type":"ListItem","position":2,"name":"Impressum"}]},{"@type":"WebSite","@id":"https:\/\/info.stadtplan.de\/#website","url":"https:\/\/info.stadtplan.de\/","name":"KIS Stadtplan.de","description":"Kommunale Informationssysteme","potentialAction":[{"@type":"SearchAction","target":{"@type":"EntryPoint","urlTemplate":"https:\/\/info.stadtplan.de\/?s={search_term_string}"},"query-input":"required name=search_term_string"}],"inLanguage":"de"}]}},"_links":{"self":[{"href":"https:\/\/info.stadtplan.de\/index.php?rest_route=\/wp\/v2\/pages\/20"}],"collection":[{"href":"https:\/\/info.stadtplan.de\/index.php?rest_route=\/wp\/v2\/pages"}],"about":[{"href":"https:\/\/info.stadtplan.de\/index.php?rest_route=\/wp\/v2\/types\/page"}],"author":[{"embeddable":true,"href":"https:\/\/info.stadtplan.de\/index.php?rest_route=\/wp\/v2\/users\/1"}],"replies":[{"embeddable":true,"href":"https:\/\/info.stadtplan.de\/index.php?rest_route=%2Fwp%2Fv2%2Fcomments&post=20"}],"version-history":[{"count":9,"href":"https:\/\/info.stadtplan.de\/index.php?rest_route=\/wp\/v2\/pages\/20\/revisions"}],"predecessor-version":[{"id":104,"href":"https:\/\/info.stadtplan.de\/index.php?rest_route=\/wp\/v2\/pages\/20\/revisions\/104"}],"wp:attachment":[{"href":"https:\/\/info.stadtplan.de\/index.php?rest_route=%2Fwp%2Fv2%2Fmedia&parent=20"}],"curies":[{"name":"wp","href":"https:\/\/api.w.org\/{rel}","templated":true}]}}